{"id":4093,"date":"2025-11-06T17:40:34","date_gmt":"2025-11-06T16:40:34","guid":{"rendered":"https:\/\/academy.justinehenin.be\/stages-haute-performance-pour-10-11-ans\/"},"modified":"2026-01-22T14:58:23","modified_gmt":"2026-01-22T13:58:23","slug":"stages-haute-performance-pour-10-11-ans","status":"publish","type":"page","link":"https:\/\/academy.justinehenin.be\/en\/stages-haute-performance-pour-10-11-ans\/","title":{"rendered":"Development Training Week"},"content":{"rendered":"\n<p><\/p>\n\n\n\n<p>Train with intensity. Improve with care. <\/p>\n\n\n\n<p><\/p>\n\n\n\n<p>Un programme intensif adapt\u00e9 aux joueurs de comp\u00e9tition \u00e2g\u00e9s de 10 \u00e0 12 ans (balles dures) . Dates La D\u00e9veloppement Training week s\u2019organise uniquement pendant les semaines suivantes : &#8211; Du 13 au 17 Juillet &#8211; Du 20 au 24 Juillet La Development Training Week de la Justine Henin Academy s\u2019adresse aux jeunes joueurs de comp\u00e9tition de 10 \u00e0 12 ans d\u00e9sireux de franchir un cap dans leur progression. Une semaine d\u2019entra\u00eenement intensif, exigeant et bienveillant, pens\u00e9e pour stimuler le potentiel de chacun tout en respectant son d\u00e9veloppement physique, technique et mental. Fruit du savoir-faire de Justine Henin et de son directeur technique Olivier Jeunehomme, cette m\u00e9thodologie unique combine rigueur, passion et individualisation. Chaque joueur b\u00e9n\u00e9ficie d\u2019un suivi personnalis\u00e9 pour renforcer ses comp\u00e9tences tennistiques, physiques et psychologiques \u00e0 travers des contenus adapt\u00e9s \u00e0 son \u00e2ge et \u00e0 son profil. Au-del\u00e0 du court, la Development Training Week encourage une approche globale du joueur : D\u00e9velopper son jeu et son intelligence tactique. S\u2019enrichir par la pratique de sports compl\u00e9mentaires. Adopter des habitudes de vie saines en mati\u00e8re de nutrition, d\u2019hygi\u00e8ne, de pr\u00e9paration physique et de relation aux autres. Pour garantir la qualit\u00e9 et la pr\u00e9cision du travail, les entra\u00eenements se d\u00e9roulent en groupes restreints (maximum 3 joueurs par terrain). Une exp\u00e9rience compl\u00e8te pour apprendre \u00e0 s\u2019entra\u00eener comme un comp\u00e9titeur\u2026 tout en grandissant comme un individu. Les Development Training Weeks sont encadr\u00e9s par un coach professionnel de l\u2019Acad\u00e9mie. Le programme inclut 5 jours d\u2019entra\u00eenement. Le joueur peut participer \u00e0 une ou plusieurs semaines d\u2019entra\u00eenement. Il sera demand\u00e9 aux joueurs d\u00e9sireux de rejoindre ce programme d\u2019envoyer une vid\u00e9o avant leur arriv\u00e9e afin qu\u2019Olivier et son \u00e9quipe puissent \u00e9valuer leur niveau et leur assigner un groupe d\u2019entra\u00eenement adapt\u00e9 \u00e0 leur niveau de jeu. Programme &#8211; de 9h \u00e0 16h30 10h d\u2019entra\u00eenement de tennis \u00e0 haute intensit\u00e9 (2h\/jour) en groupe \u2013 3 joueurs max. \/ terrain 5h d\u2019entra\u00eenement de tennis individuel 5h d\u2019entra\u00eenement physique orient\u00e9 tennis 10h de cours et activit\u00e9s en anglais Lunch et go\u00fbter adapt\u00e9s \u00e0 la nutrition d\u2019un sportif Pack de bienvenue Rapport de fin de stage sign\u00e9 par Olivier et Justine (incluant une analyse technique, tactique et physique ainsi que les points d\u2019am\u00e9lioration) Journ\u00e9e type HoraireActivit\u00e99h-11hEntra\u00eenement tennis11h-12hEntra\u00eenement Physique12h00- 13h30Lunch13h30 -16h301h de cours priv\u00e9 &#8211; entra\u00eenement tennis Cours d&#8217;anglais Nutrition et Repas Nos repas sont pr\u00e9par\u00e9s par un nutritionniste. Ils sont sains, \u00e9quilibr\u00e9s et adapt\u00e9s aux besoins d\u2019un sportif de comp\u00e9tition. Repas inclus dans le programme : lunch et go\u00fbter. Logement La Development Training Week est propos\u00e9e sans formule r\u00e9sidentielle, afin de laisser aux familles la libert\u00e9 de choisir le logement qui leur convient le mieux. Pour votre confort, la Justine Henin Academy recommande deux \u00e9tablissements situ\u00e9s \u00e0 proximit\u00e9 : Martin\u2019s Louvain-la-Neuve (4\u2605 \u2013 \u00e0 5 km de l\u2019Acad\u00e9mie) Profitez d\u2019un cadre moderne et chaleureux, avec la possibilit\u00e9 de r\u00e9server une chambre simple, double ou un studio \u00e9quip\u00e9 d\u2019une kitchenette r\u00e9tractable. R\u00e9servation possible via l\u2019Acad\u00e9mie \u00e0 tarif pr\u00e9f\u00e9rentiel. Pour toute r\u00e9servation: : resa.lln@martinshotels.com \/ +32(0)10 77 48 17 (Mentionner Club Justine Henin \/ High Performance Camp au moment de la r\u00e9servation) Le petit-d\u00e9jeuner, l\u2019acc\u00e8s \u00e0 la salle de fitness et le parking sont inclus. Novotel Wavre Brussels East Un h\u00e9bergement confortable et familial, id\u00e9alement situ\u00e9 \u00e0 quelques minutes de l\u2019Acad\u00e9mie. \ud83d\udc49 novotelwavrebrusselseast.com-hotel.com Transport a\u00e9roport Si vous avez besoin d\u2019un transport de\/vers l\u2019a\u00e9roport, nous pouvons l\u2019organiser pour vous. Merci d\u2019en faire la demande au moment de l\u2019inscription. Tarif : 95\u20ac Tarifs Development Training Week Non Boarding : 1.350 \u20ac Contact et inscription Int\u00e9ress\u00e9(e) par ce programme? Contactez sans plus tarder Alexia, notre Sales Manager : +32 488 90 76 79\/ sales@justinehenin.be Il est n\u00e9cessaire d\u2019envoyer une vid\u00e9o en format paysage (vue compl\u00e8te du court). Afin d\u2019assurer la qualit\u00e9 et l\u2019individualisation du programme, l\u2019Acad\u00e9mie Justine Henin limite le nombre de places par semaine. Ne tardez donc pas \u00e0 vous inscrire !<\/p>\n\n\n\n<p><\/p>\n\n\n\n<p><\/p>\n\n\n\n<p><\/p>\n\n\n\n<div class=\"wp-block-group alignfull jh-intro-banner\"><div class=\"wp-block-group__inner-container is-layout-constrained wp-block-group-is-layout-constrained\"><\/div><\/div>\n","protected":false},"excerpt":{"rendered":"<p>Train with intensity. Improve with care. Un programme intensif adapt\u00e9 aux joueurs de comp\u00e9tition \u00e2g\u00e9s de 10 \u00e0 12 ans (balles dures) . Dates La D\u00e9veloppement Training week s\u2019organise uniquement [&hellip;]<\/p>\n","protected":false},"author":1,"featured_media":3513,"parent":0,"menu_order":0,"comment_status":"closed","ping_status":"closed","template":"template-full-width-no-header.php","meta":{"_acf_changed":false,"inline_featured_image":false,"footnotes":""},"class_list":["post-4093","page","type-page","status-publish","has-post-thumbnail","hentry"],"acf":[],"_links":{"self":[{"href":"https:\/\/academy.justinehenin.be\/en\/wp-json\/wp\/v2\/pages\/4093","targetHints":{"allow":["GET"]}}],"collection":[{"href":"https:\/\/academy.justinehenin.be\/en\/wp-json\/wp\/v2\/pages"}],"about":[{"href":"https:\/\/academy.justinehenin.be\/en\/wp-json\/wp\/v2\/types\/page"}],"author":[{"embeddable":true,"href":"https:\/\/academy.justinehenin.be\/en\/wp-json\/wp\/v2\/users\/1"}],"replies":[{"embeddable":true,"href":"https:\/\/academy.justinehenin.be\/en\/wp-json\/wp\/v2\/comments?post=4093"}],"version-history":[{"count":2,"href":"https:\/\/academy.justinehenin.be\/en\/wp-json\/wp\/v2\/pages\/4093\/revisions"}],"predecessor-version":[{"id":4109,"href":"https:\/\/academy.justinehenin.be\/en\/wp-json\/wp\/v2\/pages\/4093\/revisions\/4109"}],"wp:featuredmedia":[{"embeddable":true,"href":"https:\/\/academy.justinehenin.be\/en\/wp-json\/wp\/v2\/media\/3513"}],"wp:attachment":[{"href":"https:\/\/academy.justinehenin.be\/en\/wp-json\/wp\/v2\/media?parent=4093"}],"curies":[{"name":"wp","href":"https:\/\/api.w.org\/{rel}","templated":true}]}}